{"id":1294,"date":"2018-07-25T19:50:06","date_gmt":"2018-07-25T17:50:06","guid":{"rendered":"http:\/\/www.rudidrums.com\/WP\/?page_id=1294"},"modified":"2021-06-14T22:52:40","modified_gmt":"2021-06-14T20:52:40","slug":"info","status":"publish","type":"page","link":"http:\/\/www.rudidrums.com\/WP\/info\/","title":{"rendered":"Info"},"content":{"rendered":"<h3>Ausbildung<\/h3>\n<p>Studium am K\u00e4rntner Landes-Konservatorium bei Prof. G\u00fcnther Hofbauer, Gerhard Kattnig und Erich Bachtr\u00e4gl (Abschluss 2008)<\/p>\n<p>Studium an der Los Angeles Music Academy bei Ralph Humphrey, Joe Porcaro, Matt Starr, Aaron Serfaty, Gary Ferguson, Dave Beyer, Tony Inzalaco, Mike Packer, Richie Gajate Garcia (Abschluss 2010)<\/p>\n<h3>Workshops\/Masterclasses<\/h3>\n<p>Jojo Mayer, Steve Gadd, Cliff Almond, Steve Ferrone, Toss Panos, Tom Brechtlein, Oz Noy, Walfredo Reyes jr., Lee Sklar, Steve Smith, Benny Greb, Ignacio Berroa, Mark Schulman, Dean Hall, Jimmy Branly, Herbert Pirker&#8230;<\/p>\n<h3>Artists<\/h3>\n<p>Jasa, Simon Stadler, Artificial Sons, Sarah Hatzel-Neumeier, Kompass Nord, Danny and the Bad Rats, Ton\u010d unrasiert, Ton\u010d Feinig, Primus Sitter, MS Carinthia Big Band, Inina Gap, Zen Rodeo, Gran Tourismo, Die Unvollendeten, Richie Klammer, Trinity, Dewdrop, Acousteaux, Zeitlos,\u00a0\u201eWest Side Story\u201c &#8211; Stadttheater Klagenfurt, David Edlinger, Trace, Last Like Deep, Irony Of Fate, Los Banditos, Patrice Rushen\/ Dan Lutz, Free Verse,\u00a02nd Line, Carinthian Pipes And Drums, K\u00e4rntner Symphonie Orchester, Stadttheater Klagenfurt, Ensemble Kreativ, Johann Strauss Dynastie Orchestra (China Tour)<\/p>\n<h3>Lehrt\u00e4tigkeit<\/h3>\n<p>Leiter der Fachgruppe Schlagwerk f\u00fcr die Musikschulen des Landes K\u00e4rnten<br \/>\nUnterrichtsorte: Villach, Maria Saal<\/p>\n","protected":false},"excerpt":{"rendered":"<p>Ausbildung Studium am K\u00e4rntner Landes-Konservatorium bei Prof. G\u00fcnther Hofbauer, Gerhard Kattnig und Erich Bachtr\u00e4gl (Abschluss 2008) Studium an der Los Angeles Music Academy bei Ralph Humphrey, Joe Porcaro, Matt Starr, Aaron Serfaty, Gary Ferguson, Dave Beyer, Tony Inzalaco, Mike Packer, Richie Gajate Garcia (Abschluss 2010) Workshops\/Masterclasses Jojo Mayer, Steve Gadd, Cliff Almond, Steve Ferrone, Toss [&hellip;]<\/p>\n","protected":false},"author":1,"featured_media":0,"parent":0,"menu_order":0,"comment_status":"closed","ping_status":"closed","template":"","meta":{"footnotes":""},"class_list":{"0":"post-1294","1":"page","2":"type-page","3":"status-publish","5":"entry"},"_links":{"self":[{"href":"http:\/\/www.rudidrums.com\/WP\/wp-json\/wp\/v2\/pages\/1294","targetHints":{"allow":["GET"]}}],"collection":[{"href":"http:\/\/www.rudidrums.com\/WP\/wp-json\/wp\/v2\/pages"}],"about":[{"href":"http:\/\/www.rudidrums.com\/WP\/wp-json\/wp\/v2\/types\/page"}],"author":[{"embeddable":true,"href":"http:\/\/www.rudidrums.com\/WP\/wp-json\/wp\/v2\/users\/1"}],"replies":[{"embeddable":true,"href":"http:\/\/www.rudidrums.com\/WP\/wp-json\/wp\/v2\/comments?post=1294"}],"version-history":[{"count":5,"href":"http:\/\/www.rudidrums.com\/WP\/wp-json\/wp\/v2\/pages\/1294\/revisions"}],"predecessor-version":[{"id":1673,"href":"http:\/\/www.rudidrums.com\/WP\/wp-json\/wp\/v2\/pages\/1294\/revisions\/1673"}],"wp:attachment":[{"href":"http:\/\/www.rudidrums.com\/WP\/wp-json\/wp\/v2\/media?parent=1294"}],"curies":[{"name":"wp","href":"https:\/\/api.w.org\/{rel}","templated":true}]}}