{"id":95,"date":"2017-04-06T10:48:32","date_gmt":"2017-04-06T08:48:32","guid":{"rendered":"http:\/\/www.rudidrums.com\/kiu\/?page_id=95"},"modified":"2019-04-15T13:08:11","modified_gmt":"2019-04-15T11:08:11","slug":"keep-it-up-snare-drum-i","status":"publish","type":"page","link":"http:\/\/www.rudidrums.com\/kiu\/keep-it-up-snare-drum-i\/","title":{"rendered":"Keep It Up! Snare Drum 1"},"content":{"rendered":"<p><iframe loading=\"lazy\" width=\"800\" height=\"450\" src=\"https:\/\/www.youtube.com\/embed\/HTd1KFZTFHw?feature=oembed\" frameborder=\"0\" allow=\"accelerometer; autoplay; encrypted-media; gyroscope; picture-in-picture\" allowfullscreen><\/iframe><\/p>\n<p><\/p>\n\n\n<p>Die St\u00fccke und \u00dcbungen sind in alphabetischer Reihenfolge gelistet. Es kommen in regelm\u00e4\u00dfigen Abst\u00e4nden neue St\u00fccke dazu. Wenn du immer auf dem neuesten Stand sein m\u00f6chtest, abonniere einfach den<\/p>\n\n\n\n<div class=\"wp-block-button aligncenter\"><a class=\"wp-block-button__link has-background has-vivid-red-background-color\" href=\"https:\/\/www.youtube.com\/channel\/UChK0tYlc8o8YqYyoqMUu4tw\" target=\"_blank\" rel=\"noopener noreferrer\">Keep It Up! &#8211; Youtube-Channel<br><\/a><\/div>\n\n\n\n<hr class=\"wp-block-separator\"\/>\n\n\n\n<div class=\"wp-block-button\"><a class=\"wp-block-button__link\" href=\"http:\/\/www.rudidrums.com\/kiu\/?page_id=210\">Exercise 1<br><\/a><\/div>\n\n\n\n<div class=\"wp-block-button\"><a class=\"wp-block-button__link\" href=\"http:\/\/www.rudidrums.com\/kiu\/?page_id=239\">Exercise 2<br><\/a><\/div>\n\n\n\n<div class=\"wp-block-button\"><a class=\"wp-block-button__link\" href=\"http:\/\/www.rudidrums.com\/kiu\/?page_id=261\">Exercise 6<br><\/a><\/div>\n\n\n\n<div class=\"wp-block-button\"><a class=\"wp-block-button__link\" href=\"http:\/\/www.rudidrums.com\/kiu\/?page_id=264\">Four and More<br><\/a><\/div>\n\n\n\n<div class=\"wp-block-button\"><a class=\"wp-block-button__link\" href=\"http:\/\/www.rudidrums.com\/kiu\/?page_id=244\">Let&#8217;s Hit It!<br><\/a><\/div>\n\n\n\n<div class=\"wp-block-button\"><a class=\"wp-block-button__link\" href=\"http:\/\/www.rudidrums.com\/kiu\/?page_id=268\">There and Back Again<br><\/a><\/div>\n","protected":false},"excerpt":{"rendered":"<p>Die St\u00fccke und \u00dcbungen sind in alphabetischer Reihenfolge gelistet. Es kommen in regelm\u00e4\u00dfigen Abst\u00e4nden neue St\u00fccke dazu. Wenn du immer auf dem neuesten Stand sein m\u00f6chtest, abonniere einfach den<\/p>\n","protected":false},"author":1,"featured_media":0,"parent":0,"menu_order":0,"comment_status":"closed","ping_status":"closed","template":"","meta":{"footnotes":""},"_links":{"self":[{"href":"http:\/\/www.rudidrums.com\/kiu\/wp-json\/wp\/v2\/pages\/95"}],"collection":[{"href":"http:\/\/www.rudidrums.com\/kiu\/wp-json\/wp\/v2\/pages"}],"about":[{"href":"http:\/\/www.rudidrums.com\/kiu\/wp-json\/wp\/v2\/types\/page"}],"author":[{"embeddable":true,"href":"http:\/\/www.rudidrums.com\/kiu\/wp-json\/wp\/v2\/users\/1"}],"replies":[{"embeddable":true,"href":"http:\/\/www.rudidrums.com\/kiu\/wp-json\/wp\/v2\/comments?post=95"}],"version-history":[{"count":21,"href":"http:\/\/www.rudidrums.com\/kiu\/wp-json\/wp\/v2\/pages\/95\/revisions"}],"predecessor-version":[{"id":271,"href":"http:\/\/www.rudidrums.com\/kiu\/wp-json\/wp\/v2\/pages\/95\/revisions\/271"}],"wp:attachment":[{"href":"http:\/\/www.rudidrums.com\/kiu\/wp-json\/wp\/v2\/media?parent=95"}],"curies":[{"name":"wp","href":"https:\/\/api.w.org\/{rel}","templated":true}]}}